{"id":352,"date":"2012-05-06T16:03:06","date_gmt":"2012-05-06T16:03:06","guid":{"rendered":"http:\/\/www.hallmann-schneider.de\/web\/?page_id=352"},"modified":"2018-06-08T15:10:01","modified_gmt":"2018-06-08T15:10:01","slug":"impressum","status":"publish","type":"page","link":"https:\/\/www.hallmann-schneider.de\/web\/impressum","title":{"rendered":"Impressum"},"content":{"rendered":"<p>Hallmann &amp; Schneider<\/p>\n<p>Freie Architekten I Diplom-Ingenieure<br \/>\nSofienstra\u00dfe 7b<br \/>\n69117 Heidelberg<\/p>\n<p>Telefon 06221\/167923<br \/>\nTelefax 06221\/160630<br \/>\nEmail architekten@hallmann-schneider.de<\/p>\n<p>Inhaltlich verantwortlich gem. TMG und MDStV: Martin Hallmann &amp; G\u00fcnther Schneider<\/p>\n<p>Mitglieder der\u00a0Architektenkammer\u00a0Baden-W\u00fcrttemberg<\/p>\n<p>USt-Identnummer: \u00a0\u00a0 \u00a0\u00a0\u00a0 \u00a0\u00a0\u00a0 \u00a0Zust\u00e4ndiges Finanzamt:<\/p>\n<p>Haftungshinweis<br \/>\nTrotz sorgf\u00e4ltiger Kontrolle \u00fcbernehmen wir keine Haftung f\u00fcr die Inhalte externer Links.<br \/>\nF\u00fcr den Inhalt der verlinkten Seiten sind ausschlie\u00dflich deren Betreiber verantwortlich.<br \/>\n\u00a9 Fotos: Hallmann &amp; Schneider Architekten<\/p>\n<p>&nbsp;<\/p>\n","protected":false},"excerpt":{"rendered":"<p>Hallmann &amp; Schneider Freie Architekten I Diplom-Ingenieure Sofienstra\u00dfe 7b 69117 Heidelberg Telefon 06221\/167923 Telefax 06221\/160630 Email architekten@hallmann-schneider.de Inhaltlich verantwortlich gem. TMG und MDStV: Martin Hallmann &amp; G\u00fcnther Schneider Mitglieder der\u00a0Architektenkammer\u00a0Baden-W\u00fcrttemberg USt-Identnummer: \u00a0\u00a0 \u00a0\u00a0\u00a0 \u00a0\u00a0\u00a0 \u00a0Zust\u00e4ndiges Finanzamt: Haftungshinweis Trotz sorgf\u00e4ltiger Kontrolle &hellip; <a href=\"https:\/\/www.hallmann-schneider.de\/web\/impressum\">Weiterlesen <span class=\"meta-nav\">&rarr;<\/span><\/a><\/p>\n","protected":false},"author":1,"featured_media":0,"parent":0,"menu_order":0,"comment_status":"open","ping_status":"open","template":"","meta":{"jetpack_post_was_ever_published":false,"footnotes":""},"class_list":["post-352","page","type-page","status-publish","hentry"],"yoast_head":"<!-- This site is optimized with the Yoast SEO plugin v26.8 - https:\/\/yoast.com\/product\/yoast-seo-wordpress\/ -->\n<title>Impressum - HALLMANN &amp; SCHNEIDER<\/title>\n<meta name=\"robots\" content=\"index, follow, max-snippet:-1, max-image-preview:large, max-video-preview:-1\" \/>\n<link rel=\"canonical\" href=\"https:\/\/www.hallmann-schneider.de\/web\/impressum\" \/>\n<meta name=\"twitter:card\" content=\"summary_large_image\" \/>\n<meta name=\"twitter:title\" content=\"Impressum - HALLMANN &amp; SCHNEIDER\" \/>\n<meta name=\"twitter:description\" content=\"Hallmann &amp; Schneider Freie Architekten I Diplom-Ingenieure Sofienstra\u00dfe 7b 69117 Heidelberg Telefon 06221\/167923 Telefax 06221\/160630 Email architekten@hallmann-schneider.de Inhaltlich verantwortlich gem. TMG und MDStV: Martin Hallmann &amp; G\u00fcnther Schneider Mitglieder der\u00a0Architektenkammer\u00a0Baden-W\u00fcrttemberg USt-Identnummer: \u00a0\u00a0 \u00a0\u00a0\u00a0 \u00a0\u00a0\u00a0 \u00a0Zust\u00e4ndiges Finanzamt: Haftungshinweis Trotz sorgf\u00e4ltiger Kontrolle &hellip; Weiterlesen &rarr;\" \/>\n<script type=\"application\/ld+json\" class=\"yoast-schema-graph\">{\"@context\":\"https:\/\/schema.org\",\"@graph\":[{\"@type\":\"WebPage\",\"@id\":\"https:\/\/www.hallmann-schneider.de\/web\/impressum\",\"url\":\"https:\/\/www.hallmann-schneider.de\/web\/impressum\",\"name\":\"Impressum - HALLMANN &amp; SCHNEIDER\",\"isPartOf\":{\"@id\":\"https:\/\/www.hallmann-schneider.de\/web\/#website\"},\"datePublished\":\"2012-05-06T16:03:06+00:00\",\"dateModified\":\"2018-06-08T15:10:01+00:00\",\"breadcrumb\":{\"@id\":\"https:\/\/www.hallmann-schneider.de\/web\/impressum#breadcrumb\"},\"inLanguage\":\"de\",\"potentialAction\":[{\"@type\":\"ReadAction\",\"target\":[\"https:\/\/www.hallmann-schneider.de\/web\/impressum\"]}]},{\"@type\":\"BreadcrumbList\",\"@id\":\"https:\/\/www.hallmann-schneider.de\/web\/impressum#breadcrumb\",\"itemListElement\":[{\"@type\":\"ListItem\",\"position\":1,\"name\":\"Home\",\"item\":\"https:\/\/www.hallmann-schneider.de\/web\"},{\"@type\":\"ListItem\",\"position\":2,\"name\":\"Impressum\"}]},{\"@type\":\"WebSite\",\"@id\":\"https:\/\/www.hallmann-schneider.de\/web\/#website\",\"url\":\"https:\/\/www.hallmann-schneider.de\/web\/\",\"name\":\"HALLMANN &amp; SCHNEIDER\",\"description\":\"FREIE ARCHITEKTEN I DIPLOM INGENIEURE I HEIDELBERG I WEINHEIM\",\"potentialAction\":[{\"@type\":\"SearchAction\",\"target\":{\"@type\":\"EntryPoint\",\"urlTemplate\":\"https:\/\/www.hallmann-schneider.de\/web\/?s={search_term_string}\"},\"query-input\":{\"@type\":\"PropertyValueSpecification\",\"valueRequired\":true,\"valueName\":\"search_term_string\"}}],\"inLanguage\":\"de\"}]}<\/script>\n<!-- \/ Yoast SEO plugin. -->","yoast_head_json":{"title":"Impressum - HALLMANN &amp; SCHNEIDER","robots":{"index":"index","follow":"follow","max-snippet":"max-snippet:-1","max-image-preview":"max-image-preview:large","max-video-preview":"max-video-preview:-1"},"canonical":"https:\/\/www.hallmann-schneider.de\/web\/impressum","twitter_card":"summary_large_image","twitter_title":"Impressum - HALLMANN &amp; SCHNEIDER","twitter_description":"Hallmann &amp; Schneider Freie Architekten I Diplom-Ingenieure Sofienstra\u00dfe 7b 69117 Heidelberg Telefon 06221\/167923 Telefax 06221\/160630 Email architekten@hallmann-schneider.de Inhaltlich verantwortlich gem. TMG und MDStV: Martin Hallmann &amp; G\u00fcnther Schneider Mitglieder der\u00a0Architektenkammer\u00a0Baden-W\u00fcrttemberg USt-Identnummer: \u00a0\u00a0 \u00a0\u00a0\u00a0 \u00a0\u00a0\u00a0 \u00a0Zust\u00e4ndiges Finanzamt: Haftungshinweis Trotz sorgf\u00e4ltiger Kontrolle &hellip; Weiterlesen &rarr;","schema":{"@context":"https:\/\/schema.org","@graph":[{"@type":"WebPage","@id":"https:\/\/www.hallmann-schneider.de\/web\/impressum","url":"https:\/\/www.hallmann-schneider.de\/web\/impressum","name":"Impressum - HALLMANN &amp; SCHNEIDER","isPartOf":{"@id":"https:\/\/www.hallmann-schneider.de\/web\/#website"},"datePublished":"2012-05-06T16:03:06+00:00","dateModified":"2018-06-08T15:10:01+00:00","breadcrumb":{"@id":"https:\/\/www.hallmann-schneider.de\/web\/impressum#breadcrumb"},"inLanguage":"de","potentialAction":[{"@type":"ReadAction","target":["https:\/\/www.hallmann-schneider.de\/web\/impressum"]}]},{"@type":"BreadcrumbList","@id":"https:\/\/www.hallmann-schneider.de\/web\/impressum#breadcrumb","itemListElement":[{"@type":"ListItem","position":1,"name":"Home","item":"https:\/\/www.hallmann-schneider.de\/web"},{"@type":"ListItem","position":2,"name":"Impressum"}]},{"@type":"WebSite","@id":"https:\/\/www.hallmann-schneider.de\/web\/#website","url":"https:\/\/www.hallmann-schneider.de\/web\/","name":"HALLMANN &amp; SCHNEIDER","description":"FREIE ARCHITEKTEN I DIPLOM INGENIEURE I HEIDELBERG I WEINHEIM","potentialAction":[{"@type":"SearchAction","target":{"@type":"EntryPoint","urlTemplate":"https:\/\/www.hallmann-schneider.de\/web\/?s={search_term_string}"},"query-input":{"@type":"PropertyValueSpecification","valueRequired":true,"valueName":"search_term_string"}}],"inLanguage":"de"}]}},"jetpack_sharing_enabled":true,"jetpack_shortlink":"https:\/\/wp.me\/P2ogra-5G","_links":{"self":[{"href":"https:\/\/www.hallmann-schneider.de\/web\/wp-json\/wp\/v2\/pages\/352","targetHints":{"allow":["GET"]}}],"collection":[{"href":"https:\/\/www.hallmann-schneider.de\/web\/wp-json\/wp\/v2\/pages"}],"about":[{"href":"https:\/\/www.hallmann-schneider.de\/web\/wp-json\/wp\/v2\/types\/page"}],"author":[{"embeddable":true,"href":"https:\/\/www.hallmann-schneider.de\/web\/wp-json\/wp\/v2\/users\/1"}],"replies":[{"embeddable":true,"href":"https:\/\/www.hallmann-schneider.de\/web\/wp-json\/wp\/v2\/comments?post=352"}],"version-history":[{"count":8,"href":"https:\/\/www.hallmann-schneider.de\/web\/wp-json\/wp\/v2\/pages\/352\/revisions"}],"predecessor-version":[{"id":2027,"href":"https:\/\/www.hallmann-schneider.de\/web\/wp-json\/wp\/v2\/pages\/352\/revisions\/2027"}],"wp:attachment":[{"href":"https:\/\/www.hallmann-schneider.de\/web\/wp-json\/wp\/v2\/media?parent=352"}],"curies":[{"name":"wp","href":"https:\/\/api.w.org\/{rel}","templated":true}]}}